{"id":91,"date":"2023-10-31T15:22:37","date_gmt":"2023-10-31T14:22:37","guid":{"rendered":"http:\/\/agatamaslon.secretcats.pl\/?page_id=91"},"modified":"2023-10-31T15:22:37","modified_gmt":"2023-10-31T14:22:37","slug":"agata-maslon","status":"publish","type":"page","link":"https:\/\/agatamaslon.pl\/en\/agata-maslon\/","title":{"rendered":"Agata Mas\u0142o\u0144"},"content":{"rendered":"<div id=\"dslc-main\">\r\n\t\t\t<div id=\"o-mnie\" class=\"dslc-modules-section \" style=\"background-color:#f4f4f0;background-repeat:no-repeat;\" data-section-id=\"0a8fbb8cfd8\">\r\n\t\t\t\t\r\n\t\t\t\t\r\n\t\t\t\t<div class=\"dslc-modules-section-wrapper dslc-clearfix\"><div  class=\"dslc-modules-area dslc-col dslc-4-col dslc-first-col dslc-valign-undefined \" data-size=\"4\" data-valign=\"undefined\" data-modules-area-id=\"\" ><style type=\"text\/css\" id=\"dslca-modules-area-\"><\/style>\r\n\t\t<div id=\"dslc-module-11714ad654a\" class=\"dslc-module-front dslc-module-DSLC_Image dslc-in-viewport-check dslc-in-viewport-anim-none  dslc-col dslc-11-col  dslc-module-handle-like-regular \" data-module-id=\"11714ad654a\" data-module=\"DSLC_Image\" data-dslc-module-size=\"11\" data-dslc-anim=\"none\" data-dslc-anim-delay=\"\" data-dslc-anim-duration=\"650\"  data-dslc-anim-easing=\"ease\" data-dslc-preset=\"none\" >\r\n\r\n\t\t\t\r\n\t\t\t\r\n\t\t\t\t<div class=\"dslc-image-container\">\r\n\t\t<div class=\"dslc-image\">\r\n\r\n\t\t\t\r\n\t\t\t\t\r\n\t\t\t\t\t\t\t\t\t<img src=\"https:\/\/agatamaslon.pl\/en\/wp-content\/uploads\/sites\/2\/2023\/11\/agata-maslon.jpg\" alt=\"\" title=\"\" srcset=\"https:\/\/agatamaslon.pl\/en\/wp-content\/uploads\/sites\/2\/2023\/11\/agata-maslon.jpg 1400w, https:\/\/agatamaslon.pl\/en\/wp-content\/uploads\/sites\/2\/2023\/11\/agata-maslon-200x300.jpg 200w, https:\/\/agatamaslon.pl\/en\/wp-content\/uploads\/sites\/2\/2023\/11\/agata-maslon-683x1024.jpg 683w, https:\/\/agatamaslon.pl\/en\/wp-content\/uploads\/sites\/2\/2023\/11\/agata-maslon-768x1152.jpg 768w, https:\/\/agatamaslon.pl\/en\/wp-content\/uploads\/sites\/2\/2023\/11\/agata-maslon-1024x1536.jpg 1024w, https:\/\/agatamaslon.pl\/en\/wp-content\/uploads\/sites\/2\/2023\/11\/agata-maslon-1365x2048.jpg 1365w\" sizes=\"(max-width: 1400px) 100vw, 1400px\" \/>\r\n\t\t\t\t\r\n\t\t\t\t\t\t\t\t\t<\/div><!-- .dslc-image -->\r\n\t\t<\/div>\r\n\t\t\r\n\t\t\t\t<\/div><!-- .dslc-module -->\r\n\t\t<\/div><div  class=\"dslc-modules-area dslc-col dslc-8-col dslc-last-col dslc-valign- \" data-size=\"8\" data-valign=\"\" data-modules-area-id=\"\" ><style type=\"text\/css\" id=\"dslca-modules-area-\"><\/style>\r\n\t\t<div id=\"dslc-module-f53f80b0934\" class=\"dslc-module-front dslc-module-DSLC_Text_Simple dslc-in-viewport-check dslc-in-viewport-anim-none  dslc-col dslc-12-col dslc-last-col  dslc-module-handle-like-regular \" data-module-id=\"f53f80b0934\" data-module=\"DSLC_Text_Simple\" data-dslc-module-size=\"12\" data-dslc-anim=\"none\" data-dslc-anim-delay=\"\" data-dslc-anim-duration=\"650\"  data-dslc-anim-easing=\"ease\" data-dslc-preset=\"none\" >\r\n\r\n\t\t\t\r\n\t\t\t\r\n\t\t\n\t\t<div class=\"dslc-text-module-content\">\n\t\t\t<h1>About me<\/h1>\t\t<\/div>\n\n\t\t\r\n\t\t\t\t<\/div><!-- .dslc-module -->\r\n\t\t\r\n\t\t<div id=\"dslc-module-f1d99b06d5f\" class=\"dslc-module-front dslc-module-DSLC_Separator dslc-in-viewport-check dslc-in-viewport-anim-none  dslc-col dslc-12-col dslc-last-col  dslc-module-handle-like-regular \" data-module-id=\"f1d99b06d5f\" data-module=\"DSLC_Separator\" data-dslc-module-size=\"12\" data-dslc-anim=\"none\" data-dslc-anim-delay=\"\" data-dslc-anim-duration=\"650\"  data-dslc-anim-easing=\"ease\" data-dslc-preset=\"none\" >\r\n\r\n\t\t\t\r\n\t\t\t\r\n\t\t\t\t\t<div class=\"dslc-separator-wrapper\">\n\t\t\t\t<div class=\"dslc-separator dslc-separator-style-invisible\">\n\t\t\t\t\t\t\t\t\t<\/div>\n\t\t\t\t<div><\/div>\n\t\t\t<\/div><!-- .dslc-separator-wrapper -->\n\t\t\t\r\n\t\t\t\t<\/div><!-- .dslc-module -->\r\n\t\t\r\n\t\t<div id=\"dslc-module-19c781ccef1\" class=\"dslc-module-front dslc-module-DSLC_Text_Simple dslc-in-viewport-check dslc-in-viewport-anim-none  dslc-col dslc-12-col dslc-last-col  dslc-module-handle-like-regular \" data-module-id=\"19c781ccef1\" data-module=\"DSLC_Text_Simple\" data-dslc-module-size=\"12\" data-dslc-anim=\"none\" data-dslc-anim-delay=\"\" data-dslc-anim-duration=\"650\"  data-dslc-anim-easing=\"ease\" data-dslc-preset=\"none\" >\r\n\r\n\t\t\t\r\n\t\t\t\r\n\t\t\n\t\t<div class=\"dslc-text-module-content\">\n\t\t\t<p>When diagnosing, I primarily try to read information from the patient's body and posture, the tension of the musculoskeletal structures, and the breathing pattern. In my work, I use delicate manual work to eliminate tension accumulated in the body, breathing therapy, body awareness exercises, osteopathic techniques, education how to regulate the autonomic nervous system, and global \"listening\".<br>By working with the patient's body, I somehow release tension (which may also provoke the release of emotions \"locked\" in the body), improve posture, and facilitate the return to proper breathing. The function of such work is to support the body on its way to harmony, to show the body how it can feel, but without translating this work into the patient's cooperation in everyday life, this effect would be short-lived. Therefore, it is very important for me to help the patient understand his or her own body, open up to feeling the body and respond appropriately to its signals. Only placing each of us in the context of our history, surroundings, our personality, what we do and what we don't do every day allows us to better understand the burdens our body is subjected to and look for an individual path to make it optimal for our unique body.<br>I am also a mother of two small children, changing my lifestyle due to the increased number of responsibilities, less sleep, a lot of emotions that children generate in me was and is also a unique lesson for me about how the body can react to what is happening in our lives and how, if we do not listen to his voice, may call louder and louder for help. I devote a lot of attention to working with myself by participating in numerous workshops (Mindfulness Based Stress Reduction, Feldenkrais, Lowen method) and in my everyday life, paying attention to the care of the body and spirit: physical activity, rest, regulation of the nervous system.<\/p>\t\t<\/div>\n\n\t\t\r\n\t\t\t\t<\/div><!-- .dslc-module -->\r\n\t\t\r\n\t\t<div id=\"dslc-module-262395fef40\" class=\"dslc-module-front dslc-module-DSLC_Separator dslc-in-viewport-check dslc-in-viewport-anim-none  dslc-col dslc-12-col dslc-last-col  dslc-module-handle-like-regular \" data-module-id=\"262395fef40\" data-module=\"DSLC_Separator\" data-dslc-module-size=\"12\" data-dslc-anim=\"none\" data-dslc-anim-delay=\"0\" data-dslc-anim-duration=\"650\"  data-dslc-anim-easing=\"ease\" data-dslc-preset=\"none\" >\r\n\r\n\t\t\t\r\n\t\t\t\r\n\t\t\t\t\t<div class=\"dslc-separator-wrapper\">\n\t\t\t\t<div class=\"dslc-separator dslc-separator-style-invisible\">\n\t\t\t\t\t\t\t\t\t<\/div>\n\t\t\t\t<div><\/div>\n\t\t\t<\/div><!-- .dslc-separator-wrapper -->\n\t\t\t\r\n\t\t\t\t<\/div><!-- .dslc-module -->\r\n\t\t\r\n\t\t<div id=\"dslc-module-l91hqsqo90s\" class=\"dslc-module-front dslc-module-DSLC_Text_Simple dslc-in-viewport-check dslc-in-viewport-anim-none  dslc-col dslc-12-col dslc-last-col  dslc-module-handle-like-regular \" data-module-id=\"l91hqsqo90s\" data-module=\"DSLC_Text_Simple\" data-dslc-module-size=\"12\" data-dslc-anim=\"none\" data-dslc-anim-delay=\"\" data-dslc-anim-duration=\"650\"  data-dslc-anim-easing=\"ease\" data-dslc-preset=\"none\" >\r\n\r\n\t\t\t\r\n\t\t\t\r\n\t\t\n\t\t<div class=\"dslc-text-module-content\">\n\t\t\t<h1>Education<\/h1>\t\t<\/div>\n\n\t\t\r\n\t\t\t\t<\/div><!-- .dslc-module -->\r\n\t\t\r\n\t\t<div id=\"dslc-module-9rscjqo2qig\" class=\"dslc-module-front dslc-module-DSLC_Separator dslc-in-viewport-check dslc-in-viewport-anim-none  dslc-col dslc-12-col dslc-last-col  dslc-module-handle-like-regular \" data-module-id=\"9rscjqo2qig\" data-module=\"DSLC_Separator\" data-dslc-module-size=\"12\" data-dslc-anim=\"none\" data-dslc-anim-delay=\"\" data-dslc-anim-duration=\"650\"  data-dslc-anim-easing=\"ease\" data-dslc-preset=\"none\" >\r\n\r\n\t\t\t\r\n\t\t\t\r\n\t\t\t\t\t<div class=\"dslc-separator-wrapper\">\n\t\t\t\t<div class=\"dslc-separator dslc-separator-style-invisible\">\n\t\t\t\t\t\t\t\t\t<\/div>\n\t\t\t\t<div><\/div>\n\t\t\t<\/div><!-- .dslc-separator-wrapper -->\n\t\t\t\r\n\t\t\t\t<\/div><!-- .dslc-module -->\r\n\t\t\r\n\t\t<div id=\"dslc-module-p5teufgb6r\" class=\"dslc-module-front dslc-module-DSLC_Text_Simple dslc-in-viewport-check dslc-in-viewport-anim-none  dslc-col dslc-12-col dslc-last-col  dslc-module-handle-like-regular \" data-module-id=\"p5teufgb6r\" data-module=\"DSLC_Text_Simple\" data-dslc-module-size=\"12\" data-dslc-anim=\"none\" data-dslc-anim-delay=\"\" data-dslc-anim-duration=\"650\"  data-dslc-anim-easing=\"ease\" data-dslc-preset=\"none\" >\r\n\r\n\t\t\t\r\n\t\t\t\r\n\t\t\n\t\t<div class=\"dslc-text-module-content\">\n\t\t\t<p>I completed my master's degree in Physiotherapy at the Collegium Medicum of the Jagiellonian University in Krakow in 2007, and in 2013 I defended my doctorate at the Academy of Physical Education in Krakow. Many years of observation of patients, their posture, how they breathe, what they are like as people and how this affects the ailments of their bodies and how quickly they recover from various traumatic injuries, aroused in me great curiosity about why this is so. This curiosity encouraged me to undertake postgraduate studies in Psychosomatics and somatopsychology at the SWPS University of Humanities and Social Sciences in Warsaw, which allowed me to better understand how our body and mind function and their mutual interaction, and also how many factors influence who we are and how to respectfully observe the phenomenon that is a human being and skillfully support the body. As a researcher, it is also natural for me to follow scientific knowledge regarding psychosomatics, including the psychophysiology of stress, psychoneuroimmunology and neuroscience. One of the articles I read resulted in contact with its author and a trip to Norway (University of Bergen) to learn about the method of body assessment used there, taking into account the influence of the mind on the body function. The Scandinavian countries are the cradle of psychosomatic physiotherapy - working with the patient taking into account the relationship between the mind and the body, i.e. the fact that the body responds to physical and psychological stress with tension, which over time affects flexibility, the ability to relax, as well as muscle tension and breathing. Each new experience, course or book I read about psychosomatics fuels my fascination with this topic even more. This fascination gives me great curiosity about each patient, openness to their individual situation and the joy of helping.<\/p>\t\t<\/div>\n\n\t\t\r\n\t\t\t\t<\/div><!-- .dslc-module -->\r\n\t\t\r\n\t\t<div id=\"dslc-module-8hjp4n5r8f8\" class=\"dslc-module-front dslc-module-DSLC_Separator dslc-in-viewport-check dslc-in-viewport-anim-none  dslc-col dslc-12-col dslc-last-col  dslc-module-handle-like-regular \" data-module-id=\"8hjp4n5r8f8\" data-module=\"DSLC_Separator\" data-dslc-module-size=\"12\" data-dslc-anim=\"none\" data-dslc-anim-delay=\"0\" data-dslc-anim-duration=\"650\"  data-dslc-anim-easing=\"ease\" data-dslc-preset=\"none\" >\r\n\r\n\t\t\t\r\n\t\t\t\r\n\t\t\t\t\t<div class=\"dslc-separator-wrapper\">\n\t\t\t\t<div class=\"dslc-separator dslc-separator-style-invisible\">\n\t\t\t\t\t\t\t\t\t<\/div>\n\t\t\t\t<div><\/div>\n\t\t\t<\/div><!-- .dslc-separator-wrapper -->\n\t\t\t\r\n\t\t\t\t<\/div><!-- .dslc-module -->\r\n\t\t\r\n\t\t<div id=\"dslc-module-pi0bcs7kd74\" class=\"dslc-module-front dslc-module-DSLC_Text_Simple dslc-in-viewport-check dslc-in-viewport-anim-none  dslc-col dslc-12-col dslc-last-col  dslc-module-handle-like-regular \" data-module-id=\"pi0bcs7kd74\" data-module=\"DSLC_Text_Simple\" data-dslc-module-size=\"12\" data-dslc-anim=\"none\" data-dslc-anim-delay=\"\" data-dslc-anim-duration=\"650\"  data-dslc-anim-easing=\"ease\" data-dslc-preset=\"none\" >\r\n\r\n\t\t\t\r\n\t\t\t\r\n\t\t\n\t\t<div class=\"dslc-text-module-content\">\n\t\t\t<h1>Specialized courses<\/h1>\t\t<\/div>\n\n\t\t\r\n\t\t\t\t<\/div><!-- .dslc-module -->\r\n\t\t\r\n\t\t<div id=\"dslc-module-ncf0conp7ag\" class=\"dslc-module-front dslc-module-DSLC_Separator dslc-in-viewport-check dslc-in-viewport-anim-none  dslc-col dslc-12-col dslc-last-col  dslc-module-handle-like-regular \" data-module-id=\"ncf0conp7ag\" data-module=\"DSLC_Separator\" data-dslc-module-size=\"12\" data-dslc-anim=\"none\" data-dslc-anim-delay=\"\" data-dslc-anim-duration=\"650\"  data-dslc-anim-easing=\"ease\" data-dslc-preset=\"none\" >\r\n\r\n\t\t\t\r\n\t\t\t\r\n\t\t\t\t\t<div class=\"dslc-separator-wrapper\">\n\t\t\t\t<div class=\"dslc-separator dslc-separator-style-invisible\">\n\t\t\t\t\t\t\t\t\t<\/div>\n\t\t\t\t<div><\/div>\n\t\t\t<\/div><!-- .dslc-separator-wrapper -->\n\t\t\t\r\n\t\t\t\t<\/div><!-- .dslc-module -->\r\n\t\t\r\n\t\t<div id=\"dslc-module-1pge539bvl4\" class=\"dslc-module-front dslc-module-DSLC_Text_Simple dslc-in-viewport-check dslc-in-viewport-anim-none  dslc-col dslc-12-col dslc-last-col  dslc-module-handle-like-regular \" data-module-id=\"1pge539bvl4\" data-module=\"DSLC_Text_Simple\" data-dslc-module-size=\"12\" data-dslc-anim=\"none\" data-dslc-anim-delay=\"\" data-dslc-anim-duration=\"650\"  data-dslc-anim-easing=\"ease\" data-dslc-preset=\"none\" >\r\n\r\n\t\t\t\r\n\t\t\t\r\n\t\t\n\t\t<div class=\"dslc-text-module-content\">\n\t\t\t<p><strong>2022 <\/strong>- Osteopathic approach to psychosomatic disorders (Jakub St\u0119pnik) - Module 1 and 2<br><strong>2018<\/strong> - Therapy of myofascial trigger points with functional diagnostics of the musculoskeletal system (Marcin Brzozowski)<br><strong>2015<\/strong> - FDM \u2013 Fascial distortion model according to Stephen Typaldos D.O. \u2013 Module 1 to 3<br><strong>2013-2014<\/strong> - Cyriax course in orthopedic medicine (module I and II)<br><strong>2010<\/strong> - Medical therapeutic training-\u00a0 Mr Lasse Thue<br><strong>2009<\/strong> - Stabilization, part Stability - instability - Stanis\u0142aw Legocki<br><strong>2009<\/strong> - Mobilization of the Nervous System according to Butler<br><strong>2009<\/strong> - Scientific and training course \"Knee joint\" PTTS<br><strong>2008<\/strong> - Kinesiology - Taping - Dr Kenzo Kase<br><strong>2008 - 2009 <\/strong>- Manual Therapy in a Holistic Approach (VI modules) - Dr Andrzej Rakowski<br><strong>2006<\/strong> - Thera-Band Academy basic course: Resistance and balance exercises using Thera-Band equipment - bands and balls<br><strong>2005<\/strong> - Classic massage course<\/p><div class=\"notranslate\" style=\"all: initial;\">\u00a0<\/div>\t\t<\/div>\n\n\t\t\r\n\t\t\t\t<\/div><!-- .dslc-module -->\r\n\t\t<\/div><\/div><\/div><\/div>","protected":false},"excerpt":{"rendered":"<p>About me When diagnosing, I primarily try to read information from the patient's body and posture, the tension of the musculoskeletal structures, and the breathing pattern. In my work, I use delicate manual work to eliminate tension accumulated in the body, breathing therapy, body awareness exercises, osteopathic techniques, education how to regulate the autonomic nervous [&hellip;]<\/p>\n","protected":false},"author":1,"featured_media":0,"parent":0,"menu_order":0,"comment_status":"closed","ping_status":"closed","template":"","meta":{"inline_featured_image":false,"footnotes":""},"class_list":["post-91","page","type-page","status-publish","hentry"],"yoast_head":"<!-- This site is optimized with the Yoast SEO plugin v25.6 - https:\/\/yoast.com\/wordpress\/plugins\/seo\/ -->\n<title>Agata Mas\u0142o\u0144 - EN | Agata Mas\u0142o\u0144 physiotherapy and a doctor of physical culture sciences<\/title>\n<meta name=\"robots\" content=\"index, follow, max-snippet:-1, max-image-preview:large, max-video-preview:-1\" \/>\n<link rel=\"canonical\" href=\"https:\/\/agatamaslon.pl\/en\/agata-maslon\/\" \/>\n<meta property=\"og:locale\" content=\"en_GB\" \/>\n<meta property=\"og:type\" content=\"article\" \/>\n<meta property=\"og:title\" content=\"Agata Mas\u0142o\u0144 - EN | Agata Mas\u0142o\u0144 physiotherapy and a doctor of physical culture sciences\" \/>\n<meta property=\"og:description\" content=\"About me When diagnosing, I primarily try to read information from the patient&#039;s body and posture, the tension of the musculoskeletal structures, and the breathing pattern. In my work, I use delicate manual work to eliminate tension accumulated in the body, breathing therapy, body awareness exercises, osteopathic techniques, education how to regulate the autonomic nervous [&hellip;]\" \/>\n<meta property=\"og:url\" content=\"https:\/\/agatamaslon.pl\/en\/agata-maslon\/\" \/>\n<meta property=\"og:site_name\" content=\"EN | Agata Mas\u0142o\u0144 physiotherapy and a doctor of physical culture sciences\" \/>\n<meta property=\"og:image\" content=\"https:\/\/agatamaslon.pl\/en\/wp-content\/uploads\/sites\/2\/2023\/11\/agata-maslon-kontakt.jpg\" \/>\n\t<meta property=\"og:image:width\" content=\"1400\" \/>\n\t<meta property=\"og:image:height\" content=\"1400\" \/>\n\t<meta property=\"og:image:type\" content=\"image\/jpeg\" \/>\n<meta name=\"twitter:card\" content=\"summary_large_image\" \/>\n<meta name=\"twitter:label1\" content=\"Estimated reading time\" \/>\n\t<meta name=\"twitter:data1\" content=\"4 minutes\" \/>\n<script type=\"application\/ld+json\" class=\"yoast-schema-graph\">{\"@context\":\"https:\/\/schema.org\",\"@graph\":[{\"@type\":\"WebPage\",\"@id\":\"https:\/\/agatamaslon.pl\/en\/agata-maslon\/\",\"url\":\"https:\/\/agatamaslon.pl\/en\/agata-maslon\/\",\"name\":\"Agata Mas\u0142o\u0144 - EN | Agata Mas\u0142o\u0144 physiotherapy and a doctor of physical culture sciences\",\"isPartOf\":{\"@id\":\"https:\/\/agatamaslon.pl\/en\/#website\"},\"primaryImageOfPage\":{\"@id\":\"https:\/\/agatamaslon.pl\/en\/agata-maslon\/#primaryimage\"},\"image\":{\"@id\":\"https:\/\/agatamaslon.pl\/en\/agata-maslon\/#primaryimage\"},\"thumbnailUrl\":\"https:\/\/agatamaslon.pl\/en\/wp-content\/uploads\/sites\/2\/2023\/11\/agata-maslon.jpg\",\"datePublished\":\"2023-10-31T14:22:37+00:00\",\"breadcrumb\":{\"@id\":\"https:\/\/agatamaslon.pl\/en\/agata-maslon\/#breadcrumb\"},\"inLanguage\":\"en-GB\",\"potentialAction\":[{\"@type\":\"ReadAction\",\"target\":[\"https:\/\/agatamaslon.pl\/en\/agata-maslon\/\"]}]},{\"@type\":\"ImageObject\",\"inLanguage\":\"en-GB\",\"@id\":\"https:\/\/agatamaslon.pl\/en\/agata-maslon\/#primaryimage\",\"url\":\"https:\/\/agatamaslon.pl\/en\/wp-content\/uploads\/sites\/2\/2023\/11\/agata-maslon.jpg\",\"contentUrl\":\"https:\/\/agatamaslon.pl\/en\/wp-content\/uploads\/sites\/2\/2023\/11\/agata-maslon.jpg\"},{\"@type\":\"BreadcrumbList\",\"@id\":\"https:\/\/agatamaslon.pl\/en\/agata-maslon\/#breadcrumb\",\"itemListElement\":[{\"@type\":\"ListItem\",\"position\":1,\"name\":\"Strona g\u0142\u00f3wna\",\"item\":\"https:\/\/agatamaslon.pl\/en\/\"},{\"@type\":\"ListItem\",\"position\":2,\"name\":\"Agata Mas\u0142o\u0144\"}]},{\"@type\":\"WebSite\",\"@id\":\"https:\/\/agatamaslon.pl\/en\/#website\",\"url\":\"https:\/\/agatamaslon.pl\/en\/\",\"name\":\"EN | Agata Mas\u0142o\u0144 physiotherapy and a doctor of physical culture sciences\",\"description\":\"Fizjoterapia psychosomatyczna\",\"potentialAction\":[{\"@type\":\"SearchAction\",\"target\":{\"@type\":\"EntryPoint\",\"urlTemplate\":\"https:\/\/agatamaslon.pl\/en\/?s={search_term_string}\"},\"query-input\":{\"@type\":\"PropertyValueSpecification\",\"valueRequired\":true,\"valueName\":\"search_term_string\"}}],\"inLanguage\":\"en-GB\"}]}<\/script>\n<!-- \/ Yoast SEO plugin. -->","yoast_head_json":{"title":"Agata Mas\u0142o\u0144 - EN | Agata Mas\u0142o\u0144 physiotherapy and a doctor of physical culture sciences","robots":{"index":"index","follow":"follow","max-snippet":"max-snippet:-1","max-image-preview":"max-image-preview:large","max-video-preview":"max-video-preview:-1"},"canonical":"https:\/\/agatamaslon.pl\/en\/agata-maslon\/","og_locale":"en_GB","og_type":"article","og_title":"Agata Mas\u0142o\u0144 - EN | Agata Mas\u0142o\u0144 physiotherapy and a doctor of physical culture sciences","og_description":"About me When diagnosing, I primarily try to read information from the patient's body and posture, the tension of the musculoskeletal structures, and the breathing pattern. In my work, I use delicate manual work to eliminate tension accumulated in the body, breathing therapy, body awareness exercises, osteopathic techniques, education how to regulate the autonomic nervous [&hellip;]","og_url":"https:\/\/agatamaslon.pl\/en\/agata-maslon\/","og_site_name":"EN | Agata Mas\u0142o\u0144 physiotherapy and a doctor of physical culture sciences","og_image":[{"width":1400,"height":1400,"url":"https:\/\/agatamaslon.pl\/en\/wp-content\/uploads\/sites\/2\/2023\/11\/agata-maslon-kontakt.jpg","type":"image\/jpeg"}],"twitter_card":"summary_large_image","twitter_misc":{"Estimated reading time":"4 minutes"},"schema":{"@context":"https:\/\/schema.org","@graph":[{"@type":"WebPage","@id":"https:\/\/agatamaslon.pl\/en\/agata-maslon\/","url":"https:\/\/agatamaslon.pl\/en\/agata-maslon\/","name":"Agata Mas\u0142o\u0144 - EN | Agata Mas\u0142o\u0144 physiotherapy and a doctor of physical culture sciences","isPartOf":{"@id":"https:\/\/agatamaslon.pl\/en\/#website"},"primaryImageOfPage":{"@id":"https:\/\/agatamaslon.pl\/en\/agata-maslon\/#primaryimage"},"image":{"@id":"https:\/\/agatamaslon.pl\/en\/agata-maslon\/#primaryimage"},"thumbnailUrl":"https:\/\/agatamaslon.pl\/en\/wp-content\/uploads\/sites\/2\/2023\/11\/agata-maslon.jpg","datePublished":"2023-10-31T14:22:37+00:00","breadcrumb":{"@id":"https:\/\/agatamaslon.pl\/en\/agata-maslon\/#breadcrumb"},"inLanguage":"en-GB","potentialAction":[{"@type":"ReadAction","target":["https:\/\/agatamaslon.pl\/en\/agata-maslon\/"]}]},{"@type":"ImageObject","inLanguage":"en-GB","@id":"https:\/\/agatamaslon.pl\/en\/agata-maslon\/#primaryimage","url":"https:\/\/agatamaslon.pl\/en\/wp-content\/uploads\/sites\/2\/2023\/11\/agata-maslon.jpg","contentUrl":"https:\/\/agatamaslon.pl\/en\/wp-content\/uploads\/sites\/2\/2023\/11\/agata-maslon.jpg"},{"@type":"BreadcrumbList","@id":"https:\/\/agatamaslon.pl\/en\/agata-maslon\/#breadcrumb","itemListElement":[{"@type":"ListItem","position":1,"name":"Strona g\u0142\u00f3wna","item":"https:\/\/agatamaslon.pl\/en\/"},{"@type":"ListItem","position":2,"name":"Agata Mas\u0142o\u0144"}]},{"@type":"WebSite","@id":"https:\/\/agatamaslon.pl\/en\/#website","url":"https:\/\/agatamaslon.pl\/en\/","name":"EN | Agata Mas\u0142o\u0144 physiotherapy and a doctor of physical culture sciences","description":"Fizjoterapia psychosomatyczna","potentialAction":[{"@type":"SearchAction","target":{"@type":"EntryPoint","urlTemplate":"https:\/\/agatamaslon.pl\/en\/?s={search_term_string}"},"query-input":{"@type":"PropertyValueSpecification","valueRequired":true,"valueName":"search_term_string"}}],"inLanguage":"en-GB"}]}},"_links":{"self":[{"href":"https:\/\/agatamaslon.pl\/en\/wp-json\/wp\/v2\/pages\/91"}],"collection":[{"href":"https:\/\/agatamaslon.pl\/en\/wp-json\/wp\/v2\/pages"}],"about":[{"href":"https:\/\/agatamaslon.pl\/en\/wp-json\/wp\/v2\/types\/page"}],"author":[{"embeddable":true,"href":"https:\/\/agatamaslon.pl\/en\/wp-json\/wp\/v2\/users\/1"}],"replies":[{"embeddable":true,"href":"https:\/\/agatamaslon.pl\/en\/wp-json\/wp\/v2\/comments?post=91"}],"version-history":[{"count":1,"href":"https:\/\/agatamaslon.pl\/en\/wp-json\/wp\/v2\/pages\/91\/revisions"}],"predecessor-version":[{"id":92,"href":"https:\/\/agatamaslon.pl\/en\/wp-json\/wp\/v2\/pages\/91\/revisions\/92"}],"wp:attachment":[{"href":"https:\/\/agatamaslon.pl\/en\/wp-json\/wp\/v2\/media?parent=91"}],"curies":[{"name":"wp","href":"https:\/\/api.w.org\/{rel}","templated":true}]}}